{"id":6490,"date":"2026-03-16T23:33:06","date_gmt":"2026-03-16T23:33:06","guid":{"rendered":"http:\/\/maxpc.ma\/index.php\/product\/gigabyte-gs27qca-27-180hz-1ms-2k\/"},"modified":"2026-03-16T23:33:06","modified_gmt":"2026-03-16T23:33:06","slug":"gigabyte-gs27qca-27-180hz-1ms-2k","status":"publish","type":"product","link":"https:\/\/maxpc.ma\/index.php\/product\/gigabyte-gs27qca-27-180hz-1ms-2k\/","title":{"rendered":"GIGABYTE GS27QCA 27&#8243; 180Hz 1ms 2K"},"content":{"rendered":"<h3 data-start=\"86\" data-end=\"151\"><strong data-start=\"94\" data-end=\"151\">GIGABYTE GS27QCA \u2013 Puissance immersive en QHD incurv\u00e9<\/strong><\/h3>\n<ul data-start=\"153\" data-end=\"892\">\n<li data-start=\"153\" data-end=\"232\">\n<p data-start=\"155\" data-end=\"232\"><span class=\"relative -mx-px my-[-0.2rem] rounded px-px py-[0.2rem] transition-colors duration-100 ease-in-out\"><strong data-start=\"0\" data-end=\"23\" data-is-only-node=\"\">Taille &amp; r\u00e9solution<\/strong> : 27\u2033 QHD (2560 \u00d7 1440), dalle VA incurv\u00e9e 1500R pour une immersion naturelle<\/span><\/p>\n<\/li>\n<li data-start=\"233\" data-end=\"312\">\n<p data-start=\"235\" data-end=\"312\"><span class=\"relative -mx-px my-[-0.2rem] rounded px-px py-[0.2rem] transition-colors duration-100 ease-in-out\"><strong data-start=\"0\" data-end=\"28\" data-is-only-node=\"\">Taux de rafra\u00eechissement<\/strong> : 180\u202fHz pour une fluidit\u00e9 extr\u00eame<\/span><\/p>\n<\/li>\n<li data-start=\"313\" data-end=\"392\">\n<p data-start=\"315\" data-end=\"392\"><span class=\"relative -mx-px my-[-0.2rem] rounded px-px py-[0.2rem] transition-colors duration-100 ease-in-out\"><strong data-start=\"0\" data-end=\"20\" data-is-only-node=\"\">Temps de r\u00e9ponse<\/strong> : 1\u202fms (MPRT) pour un gameplay net sans ghosting<\/span><\/p>\n<\/li>\n<li data-start=\"393\" data-end=\"472\">\n<p data-start=\"395\" data-end=\"472\"><span class=\"relative -mx-px my-[-0.2rem] rounded px-px py-[0.2rem] transition-colors duration-100 ease-in-out\"><strong data-start=\"0\" data-end=\"23\" data-is-only-node=\"\">Technologies gaming<\/strong> : AMD FreeSync Premium for seamless visuals, OSD Sidekick, Game Assist (crosshair, timer, aim stabilizer), Black Equalizer<\/span><\/p>\n<\/li>\n<li data-start=\"473\" data-end=\"556\">\n<p data-start=\"475\" data-end=\"556\"><span class=\"relative -mx-px my-[-0.2rem] rounded px-px py-[0.2rem] transition-colors duration-100 ease-in-out\"><strong data-start=\"0\" data-end=\"22\" data-is-only-node=\"\">Colorim\u00e9trie &amp; HDR<\/strong> : 122\u202f% sRGB, HDR ready, contraste \u00e9lev\u00e9 (~5000:1), luminosit\u00e9 typique de 250\u202fcd\/m\u00b2<\/span><\/p>\n<\/li>\n<li data-start=\"557\" data-end=\"640\">\n<p data-start=\"559\" data-end=\"640\"><span class=\"relative -mx-px my-[-0.2rem] rounded px-px py-[0.2rem] transition-colors duration-100 ease-in-out\"><strong data-start=\"0\" data-end=\"30\" data-is-only-node=\"\">Ergonomie &amp; confort visuel<\/strong> : inclinaison \u20135\u00b0 \u00e0 +20\u00b0, Flicker\u2011Free, Eyesafe\u202f2.0 et Low Blue Light<\/span><\/p>\n<\/li>\n<li data-start=\"641\" data-end=\"724\">\n<p data-start=\"643\" data-end=\"724\"><span class=\"relative -mx-px my-[-0.2rem] rounded px-px py-[0.2rem] transition-colors duration-100 ease-in-out\"><strong data-start=\"0\" data-end=\"16\" data-is-only-node=\"\">Connectivit\u00e9<\/strong> : 1\u00d7 DisplayPort\u202f1.4 + 2\u00d7 HDMI\u202f2.0 + prise casque<\/span><\/p>\n<\/li>\n<li data-start=\"725\" data-end=\"808\">\n<p data-start=\"727\" data-end=\"808\"><span class=\"relative -mx-px my-[-0.2rem] rounded px-px py-[0.2rem] transition-colors duration-100 ease-in-out\"><strong data-start=\"0\" data-end=\"10\" data-is-only-node=\"\">Design<\/strong> : ch\u00e2ssis sobre avec bords fins, support mat et esth\u00e9tique \u00e9pur\u00e9e<\/span><\/p>\n<\/li>\n<li data-start=\"809\" data-end=\"892\">\n<p data-start=\"811\" data-end=\"892\"><span class=\"relative -mx-px my-[-0.2rem] rounded px-px py-[0.2rem] transition-colors duration-100 ease-in-out\"><strong data-start=\"0\" data-end=\"22\" data-is-only-node=\"\">Dimensions &amp; poids<\/strong> : 610,5\u00d7362,5\u00d778,3\u202fmm, poids ~3,6\u202fkg<\/span><\/p>\n<\/li>\n<\/ul>\n<hr data-start=\"894\" data-end=\"897\" \/>\n<h3 data-start=\"899\" data-end=\"948\">\ud83c\udfae <strong data-start=\"906\" data-end=\"948\">Pourquoi choisir le GIGABYTE GS27QCA ?<\/strong><\/h3>\n<ul data-start=\"950\" data-end=\"1388\">\n<li data-start=\"950\" data-end=\"1019\">\n<p data-start=\"952\" data-end=\"1019\">\ud83c\udfaf <strong data-start=\"955\" data-end=\"972\">180\u202fHz &amp; 1\u202fms<\/strong> : parfait pour les jeux rapides et l\u2019e\u2011sport<\/p>\n<\/li>\n<li data-start=\"1020\" data-end=\"1104\">\n<p data-start=\"1022\" data-end=\"1104\">\ud83c\udf00 <strong data-start=\"1025\" data-end=\"1058\">Incurv\u00e9 QHD + contraste \u00e9lev\u00e9<\/strong> : immersion augment\u00e9e avec des d\u00e9tails nets<\/p>\n<\/li>\n<li data-start=\"1105\" data-end=\"1206\">\n<p data-start=\"1107\" data-end=\"1206\">\u2699\ufe0f <strong data-start=\"1110\" data-end=\"1145\">Fonctionnalit\u00e9s gaming avanc\u00e9es<\/strong> : crosshair, timer, stabilisation et optimisation visuelle<\/p>\n<\/li>\n<li data-start=\"1207\" data-end=\"1297\">\n<p data-start=\"1209\" data-end=\"1297\">\ud83d\udc41\ufe0f <strong data-start=\"1213\" data-end=\"1241\">Confort oculaire garanti<\/strong> : Flicker\u2011Free, Eyesafe\u202f2.0 et r\u00e9glage en inclinaison<\/p>\n<\/li>\n<li data-start=\"1298\" data-end=\"1388\">\n<p data-start=\"1300\" data-end=\"1388\">\ud83c\udf08 <strong data-start=\"1303\" data-end=\"1325\">Colorim\u00e9trie riche<\/strong> : 122\u202f% sRGB et compatibilit\u00e9 HDR pour des visuels \u00e9clatants<\/p>\n<\/li>\n<\/ul>\n","protected":false},"excerpt":{"rendered":"<p><strong data-start=\"1434\" data-end=\"1479\">GIGABYTE GS27QCA \u2013 27\u2033 VA incurv\u00e9 QHD<\/strong><br data-start=\"1479\" data-end=\"1482\" \/>\u2714\ufe0f <strong data-start=\"1485\" data-end=\"1502\">180\u202fHz &amp; 1\u202fms<\/strong> pour une fluidit\u00e9 extr\u00eame<br data-start=\"1528\" data-end=\"1531\" \/>\u2714\ufe0f FreeSync Premium + Game Assist pour le gaming comp\u00e9titif<br data-start=\"1590\" data-end=\"1593\" \/>\u2714\ufe0f Contraste \u00e9lev\u00e9, couleurs vives, HDR ready<br data-start=\"1638\" data-end=\"1641\" \/>\u2714\ufe0f Ergonomie et confort visuel complets<\/p>\n","protected":false},"featured_media":0,"comment_status":"open","ping_status":"closed","template":"","meta":{"_acf_changed":false},"product_brand":[],"product_cat":[15],"product_tag":[],"class_list":{"0":"post-6490","1":"product","2":"type-product","3":"status-publish","5":"product_cat-uncategorized","7":"first","8":"instock","9":"sale","10":"shipping-taxable","11":"purchasable","12":"product-type-simple"},"acf":[],"_links":{"self":[{"href":"https:\/\/maxpc.ma\/index.php\/wp-json\/wp\/v2\/product\/6490","targetHints":{"allow":["GET"]}}],"collection":[{"href":"https:\/\/maxpc.ma\/index.php\/wp-json\/wp\/v2\/product"}],"about":[{"href":"https:\/\/maxpc.ma\/index.php\/wp-json\/wp\/v2\/types\/product"}],"replies":[{"embeddable":true,"href":"https:\/\/maxpc.ma\/index.php\/wp-json\/wp\/v2\/comments?post=6490"}],"wp:attachment":[{"href":"https:\/\/maxpc.ma\/index.php\/wp-json\/wp\/v2\/media?parent=6490"}],"wp:term":[{"taxonomy":"product_brand","embeddable":true,"href":"https:\/\/maxpc.ma\/index.php\/wp-json\/wp\/v2\/product_brand?post=6490"},{"taxonomy":"product_cat","embeddable":true,"href":"https:\/\/maxpc.ma\/index.php\/wp-json\/wp\/v2\/product_cat?post=6490"},{"taxonomy":"product_tag","embeddable":true,"href":"https:\/\/maxpc.ma\/index.php\/wp-json\/wp\/v2\/product_tag?post=6490"}],"curies":[{"name":"wp","href":"https:\/\/api.w.org\/{rel}","templated":true}]}}